{"id":3102,"date":"2020-10-20T17:38:34","date_gmt":"2020-10-20T22:38:34","guid":{"rendered":"https:\/\/www.jardinecotours.com\/?page_id=3102"},"modified":"2025-02-11T13:12:29","modified_gmt":"2025-02-11T18:12:29","slug":"tour-panoramico","status":"publish","type":"page","link":"https:\/\/www.jardinecotours.com\/english\/tour-panoramico\/","title":{"rendered":"Tour Panor\u00e1mico"},"content":{"rendered":"<p>[vc_row][vc_column][rev_slider_vc alias=\u00bbtours\u00bb][\/vc_column][\/vc_row][vc_row content_placement=\u00bbmiddle\u00bb css=\u00bb.vc_custom_1605019710982{margin-bottom: 3% !important;padding-top: 8% !important;}\u00bb][vc_column width=\u00bb1\/2&#8243;][vc_column_text]<\/p>\n<h1 class=\"text-xlg text-bolder color-blue\" style=\"margin: 0px; font-weight: 800; font-size: 18pt; text-align: left; color: #000; text-transform: uppercase;\">Tour Panor\u00e1mico<\/h1>\n<p>[\/vc_column_text][vc_column_text css=\u00bb.vc_custom_1603391742810{padding-top: 5% !important;padding-bottom: 5% !important;}\u00bb]<\/p>\n<h1 class=\"text-xlg text-bolder color-green\" style=\"text-align: left;\">Descripci\u00f3n<\/h1>\n<p>[\/vc_column_text][vc_column_text]<\/p>\n<p class=\"text-ppl\" style=\"text-align: justify; color: #000; font-weight: 300; font-size: 12pt;\">Se realiza un recorrido en carro para conocer los sitios m\u00e1s caracter\u00edsticos y representativos del pueblo, desde paisajes naturales hasta la arquitectura colonial, espacios paradis\u00edacos ideales para tomar fotograf\u00edas, relajarse y disfrutar de un plan familiar.<\/p>\n<p>[\/vc_column_text][vc_column_text css=\u00bb.vc_custom_1739297552219{padding-top: 2% !important;}\u00bb]<\/p>\n<p class=\"text-ppl\" style=\"text-align: justify; color: #000; font-weight: 300; font-size: 12pt;\">-Grado de dificultad: 1\/5 (bajo)<br \/>\n-Duraci\u00f3n total de la actividad: 3-4 horas<br \/>\n-Opciones: en moto taxi o Jeep.<br \/>\n<strong>The price depends on the number of people<\/strong><\/p>\n<p>[\/vc_column_text][vc_column_text css=\u00bb.vc_custom_1603309915481{padding-top: 2% !important;}\u00bb]<\/p>\n<p style=\"text-align: left; margin-top: 5px;\"><a class=\"button bg-blue color-white\" style=\"background-color: #5c8530; color: #fff !important; border: #93c645 !important;\" href=\"https:\/\/api.whatsapp.com\/send?phone=573113730631&amp;text=Hola,%20tengo%20una%20solicitud\">Solicitar Cotizaci\u00f3n<\/a><\/p>\n<p>[\/vc_column_text][\/vc_column][vc_column width=\u00bb1\/2&#8243;][vc_column_text]<style>#jtg-3176 .modula-item .jtg-social a, .lightbox-socials.jtg-social a{ color: #ffffff }#jtg-3176 .modula-item .jtg-social svg, .lightbox-socials.jtg-social svg { height: 16px; width: 16px }#jtg-3176 .modula-item .jtg-social a:not(:last-child), .lightbox-socials.jtg-social a:not(:last-child) { margin-right: 10px }#jtg-3176 .modula-item .caption { background-color: #ffffff;  }#jtg-3176 .modula-item .figc {color:#ffffff;}#jtg-3176 .modula-item .modula-item-content { transform: scale(1) }#jtg-3176 { width:100%;}#jtg-3176 .modula-items{height:400px;}#jtg-3176 .modula-items .figc p.description { font-size:14px; }#jtg-3176 .modula-items .figc p.description { color:#ffffff;}#jtg-3176 .modula-items .figc .jtg-title { color:#ffffff; }#jtg-3176.modula-gallery .modula-item > a, #jtg-3176.modula-gallery .modula-item, #jtg-3176.modula-gallery .modula-item-content > a { cursor:zoom-in; } @media screen and (max-width:480px){#jtg-3176 .modula-item .figc .jtg-title {  font-size: 12px; }#jtg-3176 .modula-items .figc p.description { color:#ffffff;font-size:10px; }}#jtg-3176 .modula-items .modula-item:hover img{opacity:1;}<\/style>\n<!-- Gallery Container -->\n<div  id=\"jtg-3176\" class=\"modula modula-gallery modula-creative-gallery\" data-config=\"{&quot;height&quot;:400,&quot;enableTwitter&quot;:false,&quot;enableWhatsapp&quot;:false,&quot;enableFacebook&quot;:false,&quot;enablePinterest&quot;:false,&quot;enableLinkedin&quot;:false,&quot;enableEmail&quot;:false,&quot;randomFactor&quot;:0.5,&quot;type&quot;:&quot;creative-gallery&quot;,&quot;columns&quot;:12,&quot;gutter&quot;:10,&quot;enableResponsive&quot;:&quot;0&quot;,&quot;tabletColumns&quot;:&quot;2&quot;,&quot;mobileColumns&quot;:&quot;1&quot;,&quot;lazyLoad&quot;:&quot;0&quot;,&quot;lightboxOpts&quot;:{&quot;loop&quot;:false,&quot;arrows&quot;:true,&quot;toolbar&quot;:true,&quot;keyboard&quot;:false,&quot;wheel&quot;:false,&quot;buttons&quot;:[&quot;close&quot;],&quot;hash&quot;:false,&quot;lang&quot;:&quot;en&quot;,&quot;touch&quot;:false,&quot;protect&quot;:false,&quot;i18n&quot;:{&quot;en&quot;:{&quot;CLOSE&quot;:&quot;Close&quot;,&quot;NEXT&quot;:&quot;Next&quot;,&quot;PREV&quot;:&quot;Previous&quot;,&quot;Error&quot;:&quot;The requested content cannot be loaded. Please try again later.&quot;,&quot;PLAY_START&quot;:&quot;Start slideshow&quot;,&quot;PLAY_STOP&quot;:&quot;Pause slideshow&quot;,&quot;FULL_SCREEN&quot;:&quot;Full screen&quot;,&quot;THUMBS&quot;:&quot;Thumbnails&quot;,&quot;DOWNLOAD&quot;:&quot;Download&quot;,&quot;SHARE&quot;:&quot;Share&quot;,&quot;ZOOM&quot;:&quot;Zoom&quot;}},&quot;clickSlide&quot;:false,&quot;clickOutside&quot;:false,&quot;dblclickContent&quot;:false,&quot;dblclickSlide&quot;:false,&quot;dblclickOutside&quot;:false,&quot;clickContent&quot;:false},&quot;inView&quot;:false,&quot;email_subject&quot;:&quot;Check out this awesome image !!&quot;,&quot;email_message&quot;:&quot;Here is the link to the image : %%image_link%% and this is the link to the gallery : %%gallery_link%%&quot;,&quot;lightbox&quot;:&quot;fancybox&quot;}\">\n\n\t\n\t<!-- Items Container -->\n\t<div  class=\"modula-items\">\n\t\t<div class=\"modula-item\" >\n\t<div class=\"modula-item-content\">\n\t\t\n\t\t\t\t\t<a data-image-id=\"3177\" href=\"https:\/\/www.jardinecotours.com\/english\/wp-content\/uploads\/2020\/10\/img1-3.png\" rel=\"jtg-3176\" data-caption=\"\" class=\"tile-inner modula-item-link\"><\/a>\n\t\t\n\t\t\n\t\t<img class='pic' data-valign=\"middle\" data-halign=\"center\" alt=\"\" data-full=\"https:\/\/www.jardinecotours.com\/wp-content\/uploads\/2020\/10\/img1-3.png\" src=\"https:\/\/www.jardinecotours.com\/english\/wp-content\/uploads\/2020\/10\/img1-3-500x99999.png\" data-src=\"https:\/\/www.jardinecotours.com\/english\/wp-content\/uploads\/2020\/10\/img1-3-500x99999.png\" data-caption=\"\"\/>\n\n\t\t\t<\/div>\n\n<\/div><div class=\"modula-item\" >\n\t<div class=\"modula-item-content\">\n\t\t\n\t\t\t\t\t<a data-image-id=\"3178\" href=\"https:\/\/www.jardinecotours.com\/english\/wp-content\/uploads\/2020\/10\/img2-5.png\" rel=\"jtg-3176\" data-caption=\"\" class=\"tile-inner modula-item-link\"><\/a>\n\t\t\n\t\t\n\t\t<img class='pic' data-valign=\"middle\" data-halign=\"center\" alt=\"\" data-full=\"https:\/\/www.jardinecotours.com\/wp-content\/uploads\/2020\/10\/img2-5.png\" src=\"https:\/\/www.jardinecotours.com\/english\/wp-content\/uploads\/2020\/10\/img2-5-500x99999.png\" data-src=\"https:\/\/www.jardinecotours.com\/english\/wp-content\/uploads\/2020\/10\/img2-5-500x99999.png\" data-caption=\"\"\/>\n\n\t\t\t<\/div>\n\n<\/div><div class=\"modula-item\" >\n\t<div class=\"modula-item-content\">\n\t\t\n\t\t\t\t\t<a data-image-id=\"3179\" href=\"https:\/\/www.jardinecotours.com\/english\/wp-content\/uploads\/2020\/10\/img3-3.png\" rel=\"jtg-3176\" data-caption=\"\" class=\"tile-inner modula-item-link\"><\/a>\n\t\t\n\t\t\n\t\t<img class='pic' data-valign=\"middle\" data-halign=\"center\" alt=\"\" data-full=\"https:\/\/www.jardinecotours.com\/wp-content\/uploads\/2020\/10\/img3-3.png\" src=\"https:\/\/www.jardinecotours.com\/english\/wp-content\/uploads\/2020\/10\/img3-3-500x99999.png\" data-src=\"https:\/\/www.jardinecotours.com\/english\/wp-content\/uploads\/2020\/10\/img3-3-500x99999.png\" data-caption=\"\"\/>\n\n\t\t\t<\/div>\n\n<\/div>\t\t\n\t<\/div>\n\n\t\n\t\n\t<script type=\"application\/ld+json\">\n\t{\n\t\t\"@context\": \"http:\/\/schema.org\",\n\t\t\"@type\"   : \"ImageGallery\",\n\t\t\"id\"      : \"https:\/\/www.jardinecotours.com\/english\/wp-json\/wp\/v2\/pages\/3102\",\n\t\t\"url\"     : \"https:\/\/www.jardinecotours.com\/english\/wp-json\/wp\/v2\/pages\/3102\"\n\t}\n\n    <\/script>\n\n\t\n<\/div>[\/vc_column_text][\/vc_column][\/vc_row][vc_row css=\u00bb.vc_custom_1605019702010{margin-bottom: 8% !important;}\u00bb][vc_column][vc_column_text]<\/p>\n<hr \/>\n<p>[\/vc_column_text][\/vc_column][\/vc_row][vc_row css=\u00bb.vc_custom_1605019730650{margin-bottom: 5% !important;}\u00bb][vc_column][vc_media_grid element_width=\u00bb2&#8243; grid_id=\u00bbvc_gid:1739297520034-144c0c66-bcaa-2&#8243; include=\u00bb3506,3507,3508,3509,3510,3511,3512,3513,3514,3515,3516,3517,3518,3519,3520,3521,3522,3523,3524,3525,3526,3527,3528,3529,3530,3531,3532,3533,3534,3535,3536,3537,3538,3539,3540,3541,3542,3543,3544,3545&#8243;][\/vc_column][\/vc_row]<\/p>\n","protected":false},"excerpt":{"rendered":"<p>[vc_row][vc_column][rev_slider_vc alias=\u00bbtours\u00bb][\/vc_column][\/vc_row][vc_row content_placement=\u00bbmiddle\u00bb css=\u00bb.vc_custom_1605019710982{margin-bottom: 3% !important;padding-top: 8% !important;}\u00bb][vc_column width=\u00bb1\/2&#8243;][vc_column_text] Tour Panor\u00e1mico [\/vc_column_text][vc_column_text css=\u00bb.vc_custom_1603391742810{padding-top: 5% !important;padding-bottom: 5% !important;}\u00bb] Descripci\u00f3n [\/vc_column_text][vc_column_text] Se&#8230;<\/p>\n","protected":false},"author":1,"featured_media":0,"parent":0,"menu_order":0,"comment_status":"closed","ping_status":"closed","template":"","meta":[],"_links":{"self":[{"href":"https:\/\/www.jardinecotours.com\/english\/wp-json\/wp\/v2\/pages\/3102"}],"collection":[{"href":"https:\/\/www.jardinecotours.com\/english\/wp-json\/wp\/v2\/pages"}],"about":[{"href":"https:\/\/www.jardinecotours.com\/english\/wp-json\/wp\/v2\/types\/page"}],"author":[{"embeddable":true,"href":"https:\/\/www.jardinecotours.com\/english\/wp-json\/wp\/v2\/users\/1"}],"replies":[{"embeddable":true,"href":"https:\/\/www.jardinecotours.com\/english\/wp-json\/wp\/v2\/comments?post=3102"}],"version-history":[{"count":19,"href":"https:\/\/www.jardinecotours.com\/english\/wp-json\/wp\/v2\/pages\/3102\/revisions"}],"predecessor-version":[{"id":3667,"href":"https:\/\/www.jardinecotours.com\/english\/wp-json\/wp\/v2\/pages\/3102\/revisions\/3667"}],"wp:attachment":[{"href":"https:\/\/www.jardinecotours.com\/english\/wp-json\/wp\/v2\/media?parent=3102"}],"curies":[{"name":"wp","href":"https:\/\/api.w.org\/{rel}","templated":true}]}}